{"id":1872,"date":"2020-06-26T10:37:59","date_gmt":"2020-06-26T10:37:59","guid":{"rendered":"https:\/\/desk.developer.elexial.com\/?page_id=1872"},"modified":"2020-08-03T14:36:13","modified_gmt":"2020-08-03T14:36:13","slug":"germany","status":"publish","type":"page","link":"https:\/\/www.elexial.com\/ca\/germany\/","title":{"rendered":"Germany"},"content":{"rendered":"<p>[et_pb_section fb_built=\u00bb1&#8243; fullwidth=\u00bbon\u00bb next_background_color=\u00bb#ffffff\u00bb admin_label=\u00bbPage Header\u00bb _builder_version=\u00bb4.3.2&#8243; background_image=\u00bbhttps:\/\/www.elexial.com\/wp-content\/uploads\/2020\/06\/business-07.jpg\u00bb parallax=\u00bbon\u00bb bottom_divider_style=\u00bbtriangle\u00bb bottom_divider_height=\u00bb25px\u00bb bottom_divider_flip=\u00bbvertical\u00bb][et_pb_fullwidth_header title=\u00bbCl\u00ednicas Alemania\u00bb text_orientation=\u00bbcenter\u00bb title_tablet=\u00bbCl\u00ednicas Alemania\u00bb title_phone=\u00bbCl\u00ednicas Alemania\u00bb title_last_edited=\u00bbon|phone\u00bb admin_label=\u00bbHero Section\u00bb _builder_version=\u00bb4.3.2&#8243; title_font=\u00bbEncode Sans|600|||||||\u00bb title_font_size=\u00bb60px\u00bb title_line_height=\u00bb1.4em\u00bb content_font_size=\u00bb22px\u00bb content_line_height=\u00bb1.8em\u00bb subhead_font=\u00bb||||\u00bb background_color=\u00bbrgba(255, 255, 255, 0)\u00bb use_background_color_gradient=\u00bbon\u00bb background_color_gradient_start=\u00bb#00365f\u00bb background_color_gradient_end=\u00bbrgba(0,54,95,0.2)\u00bb custom_button_one=\u00bbon\u00bb button_one_text_size=\u00bb16px\u00bb button_one_bg_color=\u00bb#6eba01&#8243; button_one_border_width=\u00bb2px\u00bb button_one_border_color=\u00bb#6eba01&#8243; button_one_border_radius=\u00bb0&#8243; button_one_letter_spacing=\u00bb2&#8243; button_one_font=\u00bbMontserrat|||on|\u00bb button_one_use_icon=\u00bboff\u00bb custom_button_two=\u00bbon\u00bb button_two_text_size=\u00bb16px\u00bb button_two_border_width=\u00bb2px\u00bb button_two_border_color=\u00bb#ffffff\u00bb button_two_border_radius=\u00bb0&#8243; button_two_letter_spacing=\u00bb2&#8243; button_two_font=\u00bbMontserrat|||on|\u00bb button_two_use_icon=\u00bboff\u00bb module_alignment=\u00bbleft\u00bb animation_style=\u00bbfade\u00bb hover_enabled=\u00bb0&#8243; title_font_size_tablet=\u00bb\u00bb title_font_size_phone=\u00bb35px\u00bb title_font_size_last_edited=\u00bbon|phone\u00bb button_one_text_color_hover=\u00bb#6eba01&#8243; button_two_text_color_hover=\u00bb#6eba01&#8243; button_one_border_color_hover=\u00bb#ffffff\u00bb button_two_border_color_hover=\u00bb#ffffff\u00bb button_one_border_radius_hover=\u00bb0&#8243; button_two_border_radius_hover=\u00bb0&#8243; button_one_letter_spacing_hover=\u00bb2&#8243; button_two_letter_spacing_hover=\u00bb2&#8243; button_one_bg_color_hover=\u00bb#ffffff\u00bb button_two_bg_color_hover=\u00bb#ffffff\u00bb button_one_text_size__hover_enabled=\u00bboff\u00bb button_two_text_size__hover_enabled=\u00bboff\u00bb button_one_text_color__hover_enabled=\u00bbon\u00bb button_one_text_color__hover=\u00bb#6eba01&#8243; button_two_text_color__hover_enabled=\u00bbon\u00bb button_two_text_color__hover=\u00bb#6eba01&#8243; button_one_border_width__hover_enabled=\u00bboff\u00bb button_two_border_width__hover_enabled=\u00bboff\u00bb button_one_border_color__hover_enabled=\u00bbon\u00bb button_one_border_color__hover=\u00bb#ffffff\u00bb button_two_border_color__hover_enabled=\u00bbon\u00bb button_two_border_color__hover=\u00bb#ffffff\u00bb button_one_border_radius__hover_enabled=\u00bbon\u00bb button_one_border_radius__hover=\u00bb0&#8243; button_two_border_radius__hover_enabled=\u00bbon\u00bb button_two_border_radius__hover=\u00bb0&#8243; button_one_letter_spacing__hover_enabled=\u00bbon\u00bb button_one_letter_spacing__hover=\u00bb2&#8243; button_two_letter_spacing__hover_enabled=\u00bbon\u00bb button_two_letter_spacing__hover=\u00bb2&#8243; button_one_bg_color__hover_enabled=\u00bbon\u00bb button_one_bg_color__hover=\u00bb#ffffff\u00bb button_two_bg_color__hover_enabled=\u00bbon\u00bb button_two_bg_color__hover=\u00bb#ffffff\u00bb][\/et_pb_fullwidth_header][\/et_pb_section][et_pb_section fb_built=\u00bb1&#8243; admin_label=\u00bbServices\u00bb _builder_version=\u00bb4.3.2&#8243; background_color=\u00bb#ffffff\u00bb custom_margin=\u00bb||11px|||\u00bb custom_padding=\u00bb30px||10px|||\u00bb][et_pb_row _builder_version=\u00bb4.3.2&#8243; custom_margin=\u00bb|auto|-9px|auto||\u00bb custom_padding=\u00bb||0px|||\u00bb][et_pb_column type=\u00bb4_4&#8243; _builder_version=\u00bb4.3.2&#8243;][et_pb_divider color=\u00bb#77c1d0&#8243; divider_weight=\u00bb3px\u00bb disabled_on=\u00bboff|off|off\u00bb _builder_version=\u00bb4.3.2&#8243; background_color_gradient_direction=\u00bb90deg\u00bb max_width=\u00bb100px\u00bb module_alignment=\u00bbcenter\u00bb height=\u00bb5px\u00bb custom_margin=\u00bb||20px|\u00bb custom_padding=\u00bb||20px|\u00bb animation_style=\u00bbslide\u00bb animation_direction=\u00bbbottom\u00bb saved_tabs=\u00bball\u00bb locked=\u00bboff\u00bb][\/et_pb_divider][\/et_pb_column][\/et_pb_row][et_pb_row column_structure=\u00bb1_2,1_2&#8243; use_custom_gutter=\u00bbon\u00bb gutter_width=\u00bb2&#8243; column_padding_mobile=\u00bbon\u00bb custom_padding_last_edited=\u00bbon|phone\u00bb admin_label=\u00bbRow\u00bb _builder_version=\u00bb4.3.2&#8243; background_size=\u00bbinitial\u00bb background_position=\u00bbtop_left\u00bb background_repeat=\u00bbrepeat\u00bb custom_margin=\u00bb-18px|auto||auto||\u00bb custom_padding=\u00bb20px|||||\u00bb custom_padding_tablet=\u00bb49px|||\u00bb custom_padding_phone=\u00bb19px|||\u00bb][et_pb_column type=\u00bb1_2&#8243; _builder_version=\u00bb3.25&#8243; custom_padding=\u00bb|||\u00bb custom_padding__hover=\u00bb|||\u00bb][et_pb_blurb use_icon=\u00bbon\u00bb content_tablet=\u00bb<\/p>\n<p><iframe src=\"%22https:\/\/www.google.com\/maps\/embed?pb=!1m18!1m12!1m3!1d2427.514566987935!2d13.411810215807602!3d52.52412357981496!2m3!1f0!2f0!3f0!3m2!1i1024!2i768!4f13.1!3m3!1m2!1s0x47a84e1f4ba35c7b%3A0x2acc427f5af07d3d!2sAlexanderstra%C3%9Fe%201%2C%2010178%20Berlin%2C%20Deutschland!5e0!3m2!1sde!2ses!4v1587543381216!5m2!1sde!2ses%22\" width=\"%22600%22\" height=\"%22300%22\" frameborder=\"%220%22\" style=\"%22border:\" 0;%22 allowfullscreen=\"%22%22\" aria-hidden=\"%22false%22\" tabindex=\"%220%22\"><\/iframe><\/p>\n<h2><strong style=\"%22color:\" #00365f;%22>Berlin<\/strong><\/h2>\n<p><span>Alexanderstra\u00dfe 1 <\/span><br \/> <span>1.OG (\u00fcber den Aufzug im EG erreichbar), <\/span><span>10178 Berlin<\/span><\/p>\n<p>\u00bb content_phone=\u00bb<\/p>\n<p><iframe src=\"%22https:\/\/www.google.com\/maps\/embed?pb=!1m18!1m12!1m3!1d2427.514566987935!2d13.411810215807602!3d52.52412357981496!2m3!1f0!2f0!3f0!3m2!1i1024!2i768!4f13.1!3m3!1m2!1s0x47a84e1f4ba35c7b%3A0x2acc427f5af07d3d!2sAlexanderstra%C3%9Fe%201%2C%2010178%20Berlin%2C%20Deutschland!5e0!3m2!1sde!2ses!4v1587543381216!5m2!1sde!2ses%22\" width=\"%22600%22\" height=\"%22250%22\" frameborder=\"%220%22\" style=\"%22border:\" 0;%22 allowfullscreen=\"%22%22\" aria-hidden=\"%22false%22\" tabindex=\"%220%22\"><\/iframe><\/p>\n<h2><strong style=\"%22color:\" #00365f;%22>Berlin<\/strong><\/h2>\n<p><span>Alexanderstra\u00dfe 1 <\/span><br \/> <span>1.OG (\u00fcber den Aufzug im EG erreichbar), <\/span><span>10178 Berlin<\/span><\/p>\n<p>\u00bb content_last_edited=\u00bbon|phone\u00bb admin_label=\u00bbClass\u00bb _builder_version=\u00bb4.3.2&#8243; header_font=\u00bbEncode Sans|600|||||||\u00bb header_text_align=\u00bbcenter\u00bb header_text_color=\u00bb#00365f\u00bb header_font_size=\u00bb26px\u00bb header_line_height=\u00bb1.3em\u00bb body_font=\u00bbEncode Sans|300|||||||\u00bb body_text_align=\u00bbcenter\u00bb body_text_color=\u00bb#486066&#8243; body_font_size=\u00bb18px\u00bb body_line_height=\u00bb1.5em\u00bb background_color=\u00bb#ffffff\u00bb custom_margin=\u00bb|||\u00bb custom_padding=\u00bb40px|30px|40px|30px\u00bb animation_style=\u00bbfade\u00bb animation=\u00bboff\u00bb box_shadow_style=\u00bbpreset1&#8243; box_shadow_vertical=\u00bb10px\u00bb box_shadow_blur=\u00bb24px\u00bb box_shadow_spread=\u00bb6px\u00bb box_shadow_color=\u00bbrgba(0,0,0,0.06)\u00bb]<\/p>\n<p><iframe src=\"https:\/\/www.google.com\/maps\/embed?pb=!1m18!1m12!1m3!1d2427.514566987935!2d13.411810215807602!3d52.52412357981496!2m3!1f0!2f0!3f0!3m2!1i1024!2i768!4f13.1!3m3!1m2!1s0x47a84e1f4ba35c7b%3A0x2acc427f5af07d3d!2sAlexanderstra%C3%9Fe%201%2C%2010178%20Berlin%2C%20Deutschland!5e0!3m2!1sde!2ses!4v1587543381216!5m2!1sde!2ses\" width=\"600\" height=\"250\" frameborder=\"0\" style=\"border: 0;\" allowfullscreen=\"\" aria-hidden=\"false\" tabindex=\"0\"><\/iframe><\/p>\n<h2><strong style=\"color: #00365f;\">Berlin<\/strong><\/h2>\n<p><span>Alexanderstra\u00dfe 1\u00a0<\/span><br \/> <span>1.OG (\u00fcber den Aufzug im EG erreichbar),\u00a0<\/span><span>10178 Berlin<\/span><\/p>\n<p>[\/et_pb_blurb][\/et_pb_column][et_pb_column type=\u00bb1_2&#8243; _builder_version=\u00bb3.25&#8243; custom_padding=\u00bb|||\u00bb custom_padding__hover=\u00bb|||\u00bb][et_pb_blurb use_icon=\u00bbon\u00bb content_tablet=\u00bb<iframe src=\"%22https:\/\/www.google.com\/maps\/embed?pb=!1m18!1m12!1m3!1d665.6589656715441!2d11.587981829195718!3d48.136545293698106!2m3!1f0!2f0!3f0!3m2!1i1024!2i768!4f13.1!3m3!1m2!1s0x479e75862572f773%3A0xd477f1a23071638a!2sSteinsdorfstra%C3%9Fe%202%2C%2080538%20M%C3%BCnchen%2C%20Deutschland!5e0!3m2!1sde!2ses!4v1592473156744!5m2!1sde!2ses%22\" width=\"%22600%22\" height=\"%22300%22\" frameborder=\"%220%22\" style=\"%22border:0;%22\" allowfullscreen=\"%22%22\" aria-hidden=\"%22false%22\" tabindex=\"%220%22\"><\/iframe><\/p>\n<h2><strong style=\"%22color:\" #00365f;%22>M\u00fcnnich<\/strong><\/h2>\n<p>Steinsdorfstra\u00dfe 2 <br \/>R\u00fcckgeb\u00e4ude, 80538 M\u00fcnchen\u00bb content_phone=\u00bb<iframe src=\"%22https:\/\/www.google.com\/maps\/embed?pb=!1m18!1m12!1m3!1d665.6589656715441!2d11.587981829195718!3d48.136545293698106!2m3!1f0!2f0!3f0!3m2!1i1024!2i768!4f13.1!3m3!1m2!1s0x479e75862572f773%3A0xd477f1a23071638a!2sSteinsdorfstra%C3%9Fe%202%2C%2080538%20M%C3%BCnchen%2C%20Deutschland!5e0!3m2!1sde!2ses!4v1592473156744!5m2!1sde!2ses%22\" width=\"%22600%22\" height=\"%22250%22\" frameborder=\"%220%22\" style=\"%22border:0;%22\" allowfullscreen=\"%22%22\" aria-hidden=\"%22false%22\" tabindex=\"%220%22\"><\/iframe><\/p>\n<h2><strong style=\"%22color:\" #00365f;%22>M\u00fcnnich<\/strong><\/h2>\n<p>Steinsdorfstra\u00dfe 2 <br \/>R\u00fcckgeb\u00e4ude, 80538 M\u00fcnchen\u00bb content_last_edited=\u00bbon|phone\u00bb admin_label=\u00bbClass\u00bb _builder_version=\u00bb4.3.2&#8243; header_font=\u00bbEncode Sans|600|||||||\u00bb header_text_align=\u00bbcenter\u00bb header_text_color=\u00bb#00365f\u00bb header_font_size=\u00bb26px\u00bb header_line_height=\u00bb1.3em\u00bb body_font=\u00bbEncode Sans|300|||||||\u00bb body_text_align=\u00bbcenter\u00bb body_text_color=\u00bb#1f1f1f\u00bb body_font_size=\u00bb18px\u00bb body_line_height=\u00bb1.5em\u00bb background_color=\u00bb#ffffff\u00bb custom_margin=\u00bb||10px|||\u00bb custom_padding=\u00bb40px|30px|40px|30px\u00bb animation_style=\u00bbfade\u00bb animation_delay=\u00bb100ms\u00bb animation=\u00bboff\u00bb box_shadow_style=\u00bbpreset1&#8243; box_shadow_vertical=\u00bb10px\u00bb box_shadow_blur=\u00bb24px\u00bb box_shadow_spread=\u00bb6px\u00bb box_shadow_color=\u00bbrgba(0,0,0,0.06)\u00bb]<iframe src=\"https:\/\/www.google.com\/maps\/embed?pb=!1m18!1m12!1m3!1d665.6589656715441!2d11.587981829195718!3d48.136545293698106!2m3!1f0!2f0!3f0!3m2!1i1024!2i768!4f13.1!3m3!1m2!1s0x479e75862572f773%3A0xd477f1a23071638a!2sSteinsdorfstra%C3%9Fe%202%2C%2080538%20M%C3%BCnchen%2C%20Deutschland!5e0!3m2!1sde!2ses!4v1592473156744!5m2!1sde!2ses\" width=\"600\" height=\"250\" frameborder=\"0\" style=\"border:0;\" allowfullscreen=\"\" aria-hidden=\"false\" tabindex=\"0\"><\/iframe><\/p>\n<h2><strong style=\"color: #00365f;\">M\u00fcnnich<\/strong><\/h2>\n<p>Steinsdorfstra\u00dfe 2 <br \/>R\u00fcckgeb\u00e4ude, 80538 M\u00fcnchen[\/et_pb_blurb][\/et_pb_column][\/et_pb_row][\/et_pb_section]<\/p>","protected":false},"excerpt":{"rendered":"<p>Berlin Alexanderstra\u00dfe 1\u00a0 1.OG (\u00fcber den Aufzug im EG&#8230;<\/p>","protected":false},"author":1,"featured_media":0,"parent":0,"menu_order":0,"comment_status":"closed","ping_status":"closed","template":"","meta":{"_et_pb_use_builder":"on","_et_pb_old_content":"","_et_gb_content_width":"","footnotes":""},"yoast_head":"<!-- This site is optimized with the Yoast SEO plugin v24.1 - https:\/\/yoast.com\/wordpress\/plugins\/seo\/ -->\n<title>Alemania - Elexial<\/title>\n<meta name=\"robots\" content=\"index, follow, max-snippet:-1, max-image-preview:large, max-video-preview:-1\" \/>\n<link rel=\"canonical\" href=\"https:\/\/www.elexial.com\/ca\/germany\/\" \/>\n<meta property=\"og:locale\" content=\"en_US\" \/>\n<meta property=\"og:type\" content=\"article\" \/>\n<meta property=\"og:title\" content=\"Alemania - Elexial\" \/>\n<meta property=\"og:description\" content=\"Berlin Alexanderstra\u00dfe 1\u00a0 1.OG (\u00fcber den Aufzug im EG...\" \/>\n<meta property=\"og:url\" content=\"https:\/\/www.elexial.com\/ca\/germany\/\" \/>\n<meta property=\"og:site_name\" content=\"Elexial\" \/>\n<meta property=\"article:modified_time\" content=\"2020-08-03T14:36:13+00:00\" \/>\n<meta name=\"twitter:card\" content=\"summary_large_image\" \/>\n<meta name=\"twitter:label1\" content=\"Est. reading time\" \/>\n\t<meta name=\"twitter:data1\" content=\"4 minutes\" \/>\n<script type=\"application\/ld+json\" class=\"yoast-schema-graph\">{\"@context\":\"https:\/\/schema.org\",\"@graph\":[{\"@type\":\"WebPage\",\"@id\":\"https:\/\/www.elexial.com\/es\/germany\/\",\"url\":\"https:\/\/www.elexial.com\/es\/germany\/\",\"name\":\"Alemania - Elexial\",\"isPartOf\":{\"@id\":\"https:\/\/www.elexial.com\/es\/#website\"},\"datePublished\":\"2020-06-26T10:37:59+00:00\",\"dateModified\":\"2020-08-03T14:36:13+00:00\",\"breadcrumb\":{\"@id\":\"https:\/\/www.elexial.com\/es\/germany\/#breadcrumb\"},\"inLanguage\":\"en-CA\",\"potentialAction\":[{\"@type\":\"ReadAction\",\"target\":[\"https:\/\/www.elexial.com\/es\/germany\/\"]}]},{\"@type\":\"BreadcrumbList\",\"@id\":\"https:\/\/www.elexial.com\/es\/germany\/#breadcrumb\",\"itemListElement\":[{\"@type\":\"ListItem\",\"position\":1,\"name\":\"Portada\",\"item\":\"https:\/\/www.elexial.com\/es\/\"},{\"@type\":\"ListItem\",\"position\":2,\"name\":\"Alemania\"}]},{\"@type\":\"WebSite\",\"@id\":\"https:\/\/www.elexial.com\/es\/#website\",\"url\":\"https:\/\/www.elexial.com\/es\/\",\"name\":\"Elexial\",\"description\":\"\",\"potentialAction\":[{\"@type\":\"SearchAction\",\"target\":{\"@type\":\"EntryPoint\",\"urlTemplate\":\"https:\/\/www.elexial.com\/es\/?s={search_term_string}\"},\"query-input\":{\"@type\":\"PropertyValueSpecification\",\"valueRequired\":true,\"valueName\":\"search_term_string\"}}],\"inLanguage\":\"en-CA\"}]}<\/script>\n<!-- \/ Yoast SEO plugin. -->","yoast_head_json":{"title":"Germany | Elexial","robots":{"index":"index","follow":"follow","max-snippet":"max-snippet:-1","max-image-preview":"max-image-preview:large","max-video-preview":"max-video-preview:-1"},"canonical":"https:\/\/www.elexial.com\/ca\/germany\/","og_locale":"en_US","og_type":"article","og_title":"Alemania - Elexial","og_description":"Berlin Alexanderstra\u00dfe 1\u00a0 1.OG (\u00fcber den Aufzug im EG...","og_url":"https:\/\/www.elexial.com\/ca\/germany\/","og_site_name":"Elexial","article_modified_time":"2020-08-03T14:36:13+00:00","twitter_card":"summary_large_image","twitter_misc":{"Est. reading time":"4 minutes"},"schema":{"@context":"https:\/\/schema.org","@graph":[{"@type":"WebPage","@id":"https:\/\/www.elexial.com\/es\/germany\/","url":"https:\/\/www.elexial.com\/es\/germany\/","name":"Germany | Elexial","isPartOf":{"@id":"https:\/\/www.elexial.com\/es\/#website"},"datePublished":"2020-06-26T10:37:59+00:00","dateModified":"2020-08-03T14:36:13+00:00","breadcrumb":{"@id":"https:\/\/www.elexial.com\/es\/germany\/#breadcrumb"},"inLanguage":"en-CA","potentialAction":[{"@type":"ReadAction","target":["https:\/\/www.elexial.com\/es\/germany\/"]}]},{"@type":"BreadcrumbList","@id":"https:\/\/www.elexial.com\/es\/germany\/#breadcrumb","itemListElement":[{"@type":"ListItem","position":1,"name":"Portada","item":"https:\/\/www.elexial.com\/es\/"},{"@type":"ListItem","position":2,"name":"Alemania"}]},{"@type":"WebSite","@id":"https:\/\/www.elexial.com\/es\/#website","url":"https:\/\/www.elexial.com\/es\/","name":"Elexial","description":"","potentialAction":[{"@type":"SearchAction","target":{"@type":"EntryPoint","urlTemplate":"https:\/\/www.elexial.com\/es\/?s={search_term_string}"},"query-input":{"@type":"PropertyValueSpecification","valueRequired":true,"valueName":"search_term_string"}}],"inLanguage":"en-CA"}]}},"_links":{"self":[{"href":"https:\/\/www.elexial.com\/ca\/wp-json\/wp\/v2\/pages\/1872"}],"collection":[{"href":"https:\/\/www.elexial.com\/ca\/wp-json\/wp\/v2\/pages"}],"about":[{"href":"https:\/\/www.elexial.com\/ca\/wp-json\/wp\/v2\/types\/page"}],"author":[{"embeddable":true,"href":"https:\/\/www.elexial.com\/ca\/wp-json\/wp\/v2\/users\/1"}],"replies":[{"embeddable":true,"href":"https:\/\/www.elexial.com\/ca\/wp-json\/wp\/v2\/comments?post=1872"}],"version-history":[{"count":15,"href":"https:\/\/www.elexial.com\/ca\/wp-json\/wp\/v2\/pages\/1872\/revisions"}],"predecessor-version":[{"id":2640,"href":"https:\/\/www.elexial.com\/ca\/wp-json\/wp\/v2\/pages\/1872\/revisions\/2640"}],"wp:attachment":[{"href":"https:\/\/www.elexial.com\/ca\/wp-json\/wp\/v2\/media?parent=1872"}],"curies":[{"name":"wp","href":"https:\/\/api.w.org\/{rel}","templated":true}]}}